{"id":12,"date":"2022-01-03T09:59:29","date_gmt":"2022-01-03T08:59:29","guid":{"rendered":"https:\/\/laurentmoriceau.com\/?page_id=12"},"modified":"2025-11-13T08:17:32","modified_gmt":"2025-11-13T07:17:32","slug":"front-page","status":"publish","type":"page","link":"https:\/\/laurentmoriceau.com\/?page_id=12","title":{"rendered":"ACCUEIL"},"content":{"rendered":"<figure class=\"wp-block-image size-large is-resized\"><img loading=\"lazy\" decoding=\"async\" width=\"683\" height=\"1024\" src=\"https:\/\/laurentmoriceau.com\/wp-content\/uploads\/2025\/11\/Photo-Laurent_MORICEAU-683x1024.jpg\" alt=\"\" class=\"wp-image-761\" style=\"width:127px;height:auto\" srcset=\"https:\/\/laurentmoriceau.com\/wp-content\/uploads\/2025\/11\/Photo-Laurent_MORICEAU-683x1024.jpg 683w, https:\/\/laurentmoriceau.com\/wp-content\/uploads\/2025\/11\/Photo-Laurent_MORICEAU-200x300.jpg 200w, https:\/\/laurentmoriceau.com\/wp-content\/uploads\/2025\/11\/Photo-Laurent_MORICEAU-768x1151.jpg 768w, https:\/\/laurentmoriceau.com\/wp-content\/uploads\/2025\/11\/Photo-Laurent_MORICEAU-1025x1536.jpg 1025w, https:\/\/laurentmoriceau.com\/wp-content\/uploads\/2025\/11\/Photo-Laurent_MORICEAU-1367x2048.jpg 1367w, https:\/\/laurentmoriceau.com\/wp-content\/uploads\/2025\/11\/Photo-Laurent_MORICEAU-1320x1978.jpg 1320w, https:\/\/laurentmoriceau.com\/wp-content\/uploads\/2025\/11\/Photo-Laurent_MORICEAU-1200x1798.jpg 1200w, https:\/\/laurentmoriceau.com\/wp-content\/uploads\/2025\/11\/Photo-Laurent_MORICEAU-77x116.jpg 77w, https:\/\/laurentmoriceau.com\/wp-content\/uploads\/2025\/11\/Photo-Laurent_MORICEAU-scaled.jpg 1708w\" sizes=\"auto, (max-width: 683px) 100vw, 683px\" \/><\/figure><iframe allowfullscreen width=100% height=140px src=\"https:\/\/www.rcf.fr\/actualite\/linvite\/embed?episodeId=436248\"><\/iframe><figure class=\"wp-block-gallery has-nested-images columns-default is-cropped wp-block-gallery-1 is-layout-flex wp-block-gallery-is-layout-flex\"><figure class=\"wp-block-image size-large is-resized\"><img loading=\"lazy\" decoding=\"async\" width=\"819\" height=\"1024\" data-id=\"716\" src=\"https:\/\/laurentmoriceau.com\/wp-content\/uploads\/2025\/11\/Ajouter-un-sous-titre7-1-819x1024.png\" alt=\"\" class=\"wp-image-716\" style=\"width:395px;height:auto\" srcset=\"https:\/\/laurentmoriceau.com\/wp-content\/uploads\/2025\/11\/Ajouter-un-sous-titre7-1-819x1024.png 819w, https:\/\/laurentmoriceau.com\/wp-content\/uploads\/2025\/11\/Ajouter-un-sous-titre7-1-240x300.png 240w, https:\/\/laurentmoriceau.com\/wp-content\/uploads\/2025\/11\/Ajouter-un-sous-titre7-1-768x960.png 768w, https:\/\/laurentmoriceau.com\/wp-content\/uploads\/2025\/11\/Ajouter-un-sous-titre7-1-93x116.png 93w, https:\/\/laurentmoriceau.com\/wp-content\/uploads\/2025\/11\/Ajouter-un-sous-titre7-1.png 1080w\" sizes=\"auto, (max-width: 819px) 100vw, 819px\" \/><\/figure>\n\n<figure class=\"wp-block-image size-large is-resized\"><img loading=\"lazy\" decoding=\"async\" width=\"819\" height=\"1024\" data-id=\"654\" src=\"https:\/\/laurentmoriceau.com\/wp-content\/uploads\/2025\/11\/Visueldivers-copie-819x1024.jpg\" alt=\"\" class=\"wp-image-654\" style=\"width:398px;height:auto\" srcset=\"https:\/\/laurentmoriceau.com\/wp-content\/uploads\/2025\/11\/Visueldivers-copie-819x1024.jpg 819w, https:\/\/laurentmoriceau.com\/wp-content\/uploads\/2025\/11\/Visueldivers-copie-240x300.jpg 240w, https:\/\/laurentmoriceau.com\/wp-content\/uploads\/2025\/11\/Visueldivers-copie-768x960.jpg 768w, https:\/\/laurentmoriceau.com\/wp-content\/uploads\/2025\/11\/Visueldivers-copie-93x116.jpg 93w, https:\/\/laurentmoriceau.com\/wp-content\/uploads\/2025\/11\/Visueldivers-copie.jpg 1080w\" sizes=\"auto, (max-width: 819px) 100vw, 819px\" \/><figcaption class=\"wp-element-caption\"><strong>Le p&rsquo;tit dernier<\/strong> <\/figcaption><\/figure><\/figure><hr class=\"wp-block-separator aligncenter has-alpha-channel-opacity\"\/><div class=\"wp-block-image is-style-default\"><figure class=\"aligncenter size-large is-resized\"><img loading=\"lazy\" decoding=\"async\" width=\"727\" height=\"1024\" src=\"https:\/\/laurentmoriceau.com\/wp-content\/uploads\/2024\/01\/Photo-L.Moriceau-727x1024.jpg\" alt=\"\" class=\"wp-image-424\" style=\"aspect-ratio:0.75;object-fit:cover;width:118px;height:auto\" srcset=\"https:\/\/laurentmoriceau.com\/wp-content\/uploads\/2024\/01\/Photo-L.Moriceau-727x1024.jpg 727w, https:\/\/laurentmoriceau.com\/wp-content\/uploads\/2024\/01\/Photo-L.Moriceau-213x300.jpg 213w, https:\/\/laurentmoriceau.com\/wp-content\/uploads\/2024\/01\/Photo-L.Moriceau-768x1082.jpg 768w, https:\/\/laurentmoriceau.com\/wp-content\/uploads\/2024\/01\/Photo-L.Moriceau-600x846.jpg 600w, https:\/\/laurentmoriceau.com\/wp-content\/uploads\/2024\/01\/Photo-L.Moriceau-82x116.jpg 82w, https:\/\/laurentmoriceau.com\/wp-content\/uploads\/2024\/01\/Photo-L.Moriceau.jpg 953w\" sizes=\"auto, (max-width: 727px) 100vw, 727px\" \/><\/figure><\/div><h4 class=\"wp-block-heading has-text-align-center has-black-color has-vivid-cyan-blue-background-color has-text-color has-background has-link-color wp-elements-936466318b345ed6a64d2cb0dd9c0aea\">Chaque personne a son histoire. Qui suis-je ?<\/h4><p class=\"has-black-color has-vivid-red-background-color has-text-color has-background\">N\u00e9 \u00e0 Saumur, je suis auteur, compositeur et interpr\u00e8te dans un groupe pop rock tourangeau (<strong>NON-LIEU<\/strong>) mais \u00e9galement dans un tribute du groupe T\u00e9l\u00e9phone : <strong>METROPHONE<\/strong>. Parall\u00e8lement, je travaille sur un album solo. Mes deux passions, l&rsquo;\u00e9criture et l&rsquo;histoire de la r\u00e9sistance durant la seconde guerre mondiale, m&rsquo;ont conduit tout naturellement vers la production de mon premier roman \u00ab\u00a0<strong><em>LA GRANGE<\/em><\/strong>\u00ab\u00a0, \u00e9voquant la r\u00e9sistance dans le sud Touraine mais \u00e9galement en Bretagne. Mon 2\u00e8me roman, sorti en octobre 2023, relate l\u2019innommable destin d&rsquo;un jeune juif polonais : <strong><em>SCHLOMO<\/em><\/strong>.<\/p><p class=\"has-black-color has-vivid-green-cyan-background-color has-text-color has-background\">Pour le 3\u00e8me, je suis revenu \u00e0 mes premi\u00e8res amours livresques : le polar. \u00ab\u00a0<em><strong>AU NOM DU FILS\u00a0\u00bb<\/strong><\/em> \u00e9crit comme les 2 premiers, sur 2 temporalit\u00e9s, file \u00e0 200 \u00e0 l&rsquo;heure dans les rues de D\u00e9troit et de Chicago et retrace les enqu\u00eates de 2 flics &#8230; \u00e0 25 ann\u00e9es d&rsquo;\u00e9cart.<\/p><p class=\"has-black-color has-luminous-vivid-orange-background-color has-text-color has-background has-link-color wp-elements-12529fc14d3159a9b801b4aebf05fce5\" style=\"font-size:17px\">Novembre 2025 : <strong>Un PACTE (Impact !)<\/strong> Mon 4e roman vient de voir le jour. Une nouvelle enqu\u00eate du capitaine Adam Robertson, toujours dans les rues de D\u00e9troit. Il enqu\u00eate avec son adjoint Markus sur d&rsquo;\u00e9tranges tentatives de crimes autour de la vie bien paisible du patron des \u00e9dition Lindberg. Mais qu&rsquo;a t-il fait pour en arriver l\u00e0 ?   <\/p><div class=\"wp-block-group is-layout-grid wp-container-core-group-is-layout-9649a0d9 wp-block-group-is-layout-grid\"><figure class=\"wp-block-image size-large wp-container-content-69bc4bdf\"><img loading=\"lazy\" decoding=\"async\" width=\"683\" height=\"1024\" src=\"https:\/\/laurentmoriceau.com\/wp-content\/uploads\/2025\/11\/Couverture-finale-La-Grange-min-683x1024.jpg\" alt=\"\" class=\"wp-image-667\" srcset=\"https:\/\/laurentmoriceau.com\/wp-content\/uploads\/2025\/11\/Couverture-finale-La-Grange-min-683x1024.jpg 683w, https:\/\/laurentmoriceau.com\/wp-content\/uploads\/2025\/11\/Couverture-finale-La-Grange-min-200x300.jpg 200w, https:\/\/laurentmoriceau.com\/wp-content\/uploads\/2025\/11\/Couverture-finale-La-Grange-min-768x1151.jpg 768w, https:\/\/laurentmoriceau.com\/wp-content\/uploads\/2025\/11\/Couverture-finale-La-Grange-min-1025x1536.jpg 1025w, https:\/\/laurentmoriceau.com\/wp-content\/uploads\/2025\/11\/Couverture-finale-La-Grange-min-1367x2048.jpg 1367w, https:\/\/laurentmoriceau.com\/wp-content\/uploads\/2025\/11\/Couverture-finale-La-Grange-min-1320x1978.jpg 1320w, https:\/\/laurentmoriceau.com\/wp-content\/uploads\/2025\/11\/Couverture-finale-La-Grange-min-1200x1798.jpg 1200w, https:\/\/laurentmoriceau.com\/wp-content\/uploads\/2025\/11\/Couverture-finale-La-Grange-min-77x116.jpg 77w, https:\/\/laurentmoriceau.com\/wp-content\/uploads\/2025\/11\/Couverture-finale-La-Grange-min-scaled.jpg 1709w\" sizes=\"auto, (max-width: 683px) 100vw, 683px\" \/><\/figure>\n\n<figure class=\"wp-block-image size-large\"><img loading=\"lazy\" decoding=\"async\" width=\"643\" height=\"1024\" src=\"https:\/\/laurentmoriceau.com\/wp-content\/uploads\/2025\/11\/1ere-Couverture-Au-Nom-du-fils-fin-1-643x1024.png\" alt=\"\" class=\"wp-image-666\" srcset=\"https:\/\/laurentmoriceau.com\/wp-content\/uploads\/2025\/11\/1ere-Couverture-Au-Nom-du-fils-fin-1-643x1024.png 643w, https:\/\/laurentmoriceau.com\/wp-content\/uploads\/2025\/11\/1ere-Couverture-Au-Nom-du-fils-fin-1-188x300.png 188w, https:\/\/laurentmoriceau.com\/wp-content\/uploads\/2025\/11\/1ere-Couverture-Au-Nom-du-fils-fin-1-768x1223.png 768w, https:\/\/laurentmoriceau.com\/wp-content\/uploads\/2025\/11\/1ere-Couverture-Au-Nom-du-fils-fin-1-965x1536.png 965w, https:\/\/laurentmoriceau.com\/wp-content\/uploads\/2025\/11\/1ere-Couverture-Au-Nom-du-fils-fin-1-73x116.png 73w, https:\/\/laurentmoriceau.com\/wp-content\/uploads\/2025\/11\/1ere-Couverture-Au-Nom-du-fils-fin-1.png 1099w\" sizes=\"auto, (max-width: 643px) 100vw, 643px\" \/><\/figure>\n\n<figure class=\"wp-block-image size-large\"><img loading=\"lazy\" decoding=\"async\" width=\"660\" height=\"1024\" src=\"https:\/\/laurentmoriceau.com\/wp-content\/uploads\/2025\/11\/Couverture-SCHLOMO-1-660x1024.jpg\" alt=\"\" class=\"wp-image-767\" srcset=\"https:\/\/laurentmoriceau.com\/wp-content\/uploads\/2025\/11\/Couverture-SCHLOMO-1-660x1024.jpg 660w, https:\/\/laurentmoriceau.com\/wp-content\/uploads\/2025\/11\/Couverture-SCHLOMO-1-193x300.jpg 193w, https:\/\/laurentmoriceau.com\/wp-content\/uploads\/2025\/11\/Couverture-SCHLOMO-1-768x1191.jpg 768w, https:\/\/laurentmoriceau.com\/wp-content\/uploads\/2025\/11\/Couverture-SCHLOMO-1-991x1536.jpg 991w, https:\/\/laurentmoriceau.com\/wp-content\/uploads\/2025\/11\/Couverture-SCHLOMO-1-1321x2048.jpg 1321w, https:\/\/laurentmoriceau.com\/wp-content\/uploads\/2025\/11\/Couverture-SCHLOMO-1-1320x2047.jpg 1320w, https:\/\/laurentmoriceau.com\/wp-content\/uploads\/2025\/11\/Couverture-SCHLOMO-1-1200x1861.jpg 1200w, https:\/\/laurentmoriceau.com\/wp-content\/uploads\/2025\/11\/Couverture-SCHLOMO-1-75x116.jpg 75w, https:\/\/laurentmoriceau.com\/wp-content\/uploads\/2025\/11\/Couverture-SCHLOMO-1-scaled.jpg 1651w\" sizes=\"auto, (max-width: 660px) 100vw, 660px\" \/><\/figure>\n\n<figure class=\"wp-block-image size-large wp-container-content-69bc4bdf\"><img loading=\"lazy\" decoding=\"async\" width=\"666\" height=\"1024\" src=\"https:\/\/laurentmoriceau.com\/wp-content\/uploads\/2025\/11\/Un-Pacte-couverture-666x1024.jpeg\" alt=\"\" class=\"wp-image-665\" srcset=\"https:\/\/laurentmoriceau.com\/wp-content\/uploads\/2025\/11\/Un-Pacte-couverture-666x1024.jpeg 666w, https:\/\/laurentmoriceau.com\/wp-content\/uploads\/2025\/11\/Un-Pacte-couverture-195x300.jpeg 195w, https:\/\/laurentmoriceau.com\/wp-content\/uploads\/2025\/11\/Un-Pacte-couverture-768x1182.jpeg 768w, https:\/\/laurentmoriceau.com\/wp-content\/uploads\/2025\/11\/Un-Pacte-couverture-75x116.jpeg 75w, https:\/\/laurentmoriceau.com\/wp-content\/uploads\/2025\/11\/Un-Pacte-couverture.jpeg 832w\" sizes=\"auto, (max-width: 666px) 100vw, 666px\" \/><\/figure><\/div><p><\/p>","protected":false},"excerpt":{"rendered":"<p>Chaque personne a son histoire. Qui suis-je ? N\u00e9 \u00e0 Saumur, je suis auteur, compositeur et interpr\u00e8te dans un groupe pop rock tourangeau (NON-LIEU) mais \u00e9galement dans un tribute du groupe T\u00e9l\u00e9phone : METROPHONE. Parall\u00e8lement, je travaille sur un album solo. Mes deux passions, l&rsquo;\u00e9criture et l&rsquo;histoire de la r\u00e9sistance <a class=\"read-more\" href=\"https:\/\/laurentmoriceau.com\/?page_id=12\">Read More<\/a><\/p>\n","protected":false},"author":1,"featured_media":668,"parent":0,"menu_order":0,"comment_status":"closed","ping_status":"closed","template":"","meta":{"om_disable_all_campaigns":false,"_monsterinsights_skip_tracking":false,"_monsterinsights_sitenote_active":false,"_monsterinsights_sitenote_note":"","_monsterinsights_sitenote_category":0,"spay_email":"","footnotes":""},"class_list":["post-12","page","type-page","status-publish","has-post-thumbnail","hentry"],"_links":{"self":[{"href":"https:\/\/laurentmoriceau.com\/index.php?rest_route=\/wp\/v2\/pages\/12","targetHints":{"allow":["GET"]}}],"collection":[{"href":"https:\/\/laurentmoriceau.com\/index.php?rest_route=\/wp\/v2\/pages"}],"about":[{"href":"https:\/\/laurentmoriceau.com\/index.php?rest_route=\/wp\/v2\/types\/page"}],"author":[{"embeddable":true,"href":"https:\/\/laurentmoriceau.com\/index.php?rest_route=\/wp\/v2\/users\/1"}],"replies":[{"embeddable":true,"href":"https:\/\/laurentmoriceau.com\/index.php?rest_route=%2Fwp%2Fv2%2Fcomments&post=12"}],"version-history":[{"count":123,"href":"https:\/\/laurentmoriceau.com\/index.php?rest_route=\/wp\/v2\/pages\/12\/revisions"}],"predecessor-version":[{"id":778,"href":"https:\/\/laurentmoriceau.com\/index.php?rest_route=\/wp\/v2\/pages\/12\/revisions\/778"}],"wp:featuredmedia":[{"embeddable":true,"href":"https:\/\/laurentmoriceau.com\/index.php?rest_route=\/wp\/v2\/media\/668"}],"wp:attachment":[{"href":"https:\/\/laurentmoriceau.com\/index.php?rest_route=%2Fwp%2Fv2%2Fmedia&parent=12"}],"curies":[{"name":"wp","href":"https:\/\/api.w.org\/{rel}","templated":true}]}}