{"id":658,"date":"2025-11-08T18:27:37","date_gmt":"2025-11-08T17:27:37","guid":{"rendered":"https:\/\/laurentmoriceau.com\/?page_id=658"},"modified":"2025-11-13T08:26:00","modified_gmt":"2025-11-13T07:26:00","slug":"un-pacte-impact","status":"publish","type":"page","link":"https:\/\/laurentmoriceau.com\/?page_id=658","title":{"rendered":"UN PACTE (Impact)"},"content":{"rendered":"<div class=\"wp-block-image\"><figure class=\"aligncenter size-large is-resized\"><img loading=\"lazy\" decoding=\"async\" width=\"819\" height=\"1024\" src=\"https:\/\/laurentmoriceau.com\/wp-content\/uploads\/2025\/11\/Mockup2-Un-pacte-1-819x1024.jpg\" alt=\"\" class=\"wp-image-779\" style=\"width:455px;height:auto\" srcset=\"https:\/\/laurentmoriceau.com\/wp-content\/uploads\/2025\/11\/Mockup2-Un-pacte-1-819x1024.jpg 819w, https:\/\/laurentmoriceau.com\/wp-content\/uploads\/2025\/11\/Mockup2-Un-pacte-1-240x300.jpg 240w, https:\/\/laurentmoriceau.com\/wp-content\/uploads\/2025\/11\/Mockup2-Un-pacte-1-768x960.jpg 768w, https:\/\/laurentmoriceau.com\/wp-content\/uploads\/2025\/11\/Mockup2-Un-pacte-1-93x116.jpg 93w, https:\/\/laurentmoriceau.com\/wp-content\/uploads\/2025\/11\/Mockup2-Un-pacte-1.jpg 1080w\" sizes=\"auto, (max-width: 819px) 100vw, 819px\" \/><\/figure><\/div><p><strong>R\u00e9sum\u00e9<\/strong> : <\/p><blockquote class=\"wp-block-quote is-layout-flow wp-block-quote-is-layout-flow\"><div class=\"wp-block-group is-vertical is-layout-flex wp-container-core-group-is-layout-8cf370e7 wp-block-group-is-layout-flex\"><div class=\"wp-block-group is-vertical is-layout-flex wp-container-core-group-is-layout-8cf370e7 wp-block-group-is-layout-flex\"><div class=\"wp-block-group is-vertical is-layout-flex wp-container-core-group-is-layout-8cf370e7 wp-block-group-is-layout-flex\"><div class=\"wp-block-group\"><div class=\"wp-block-group__inner-container is-layout-constrained wp-block-group-is-layout-constrained\"><div class=\"wp-block-group is-vertical is-layout-flex wp-container-core-group-is-layout-8cf370e7 wp-block-group-is-layout-flex\"><p>Deux ans apr\u00e8s avoir quitt\u00e9 le monde impitoyable de l\u2019\u00e9dition, Dan Lindberg, fondateur des prestigieuses \u00c9ditions Lindberg, croyait avoir tourn\u00e9 la page. Jusqu\u2019au jour o\u00f9 sa s\u0153ur \u2014 d\u00e9sormais \u00e0 la t\u00eate de la maison familiale \u2014 est retrouv\u00e9e poignard\u00e9e \u00e0 son domicile. Quelques heures plus t\u00f4t, l\u2019une de ses ni\u00e8ces subit le m\u00eame sort\u2026 et l\u2019autre dispara\u00eet sans laisser de trace<\/p>\n\n<p>Sur chaque sc\u00e8ne de crime, un exemplaire de <em>Martin Eden<\/em> de Jack London est retrouv\u00e9, couvert d\u2019annotations et de symboles ind\u00e9chiffrables.<\/p>\n\n<p>Des messages venus des profondeurs de la litt\u00e9rature\u2026 ou de la folie\u00a0?<\/p><\/div>\n\n<p>Charg\u00e9 de cette nouvelle affaire, le capitaine Adam Robertson et son \u00e9quipier Markus se lancent \u00e0 corps perdu dans cette enqu\u00eate.&nbsp; Les indices s\u2019encha\u00eenent. Les suspects se multiplient. Les certitudes s\u2019effondrent.<\/p><\/div><\/div><\/div><\/div>\n\n<p>Mais lorsque Markus devine que sa petite amie est peut-\u00eatre m\u00eal\u00e9e \u00e0 tout \u00e7a, les fronti\u00e8res entre r\u00e9alit\u00e9 et fiction se fissurent.<\/p>\n\n<p>Dans les rues de D\u00e9troit, les souvenirs mentent.<\/p>\n\n<p>La v\u00e9rit\u00e9 s\u2019\u00e9crira \u00e0 l\u2019encre rouge.<\/p><\/div>\n\n<p><\/p><\/blockquote>","protected":false},"excerpt":{"rendered":"<p>R\u00e9sum\u00e9 :<\/p>\n","protected":false},"author":1,"featured_media":0,"parent":0,"menu_order":0,"comment_status":"closed","ping_status":"closed","template":"","meta":{"om_disable_all_campaigns":false,"_monsterinsights_skip_tracking":false,"_monsterinsights_sitenote_active":false,"_monsterinsights_sitenote_note":"","_monsterinsights_sitenote_category":0,"spay_email":"","footnotes":""},"class_list":["post-658","page","type-page","status-publish","hentry"],"_links":{"self":[{"href":"https:\/\/laurentmoriceau.com\/index.php?rest_route=\/wp\/v2\/pages\/658","targetHints":{"allow":["GET"]}}],"collection":[{"href":"https:\/\/laurentmoriceau.com\/index.php?rest_route=\/wp\/v2\/pages"}],"about":[{"href":"https:\/\/laurentmoriceau.com\/index.php?rest_route=\/wp\/v2\/types\/page"}],"author":[{"embeddable":true,"href":"https:\/\/laurentmoriceau.com\/index.php?rest_route=\/wp\/v2\/users\/1"}],"replies":[{"embeddable":true,"href":"https:\/\/laurentmoriceau.com\/index.php?rest_route=%2Fwp%2Fv2%2Fcomments&post=658"}],"version-history":[{"count":4,"href":"https:\/\/laurentmoriceau.com\/index.php?rest_route=\/wp\/v2\/pages\/658\/revisions"}],"predecessor-version":[{"id":783,"href":"https:\/\/laurentmoriceau.com\/index.php?rest_route=\/wp\/v2\/pages\/658\/revisions\/783"}],"wp:attachment":[{"href":"https:\/\/laurentmoriceau.com\/index.php?rest_route=%2Fwp%2Fv2%2Fmedia&parent=658"}],"curies":[{"name":"wp","href":"https:\/\/api.w.org\/{rel}","templated":true}]}}