{"id":594,"date":"2025-03-10T19:18:56","date_gmt":"2025-03-10T18:18:56","guid":{"rendered":"https:\/\/laurentmoriceau.com\/?post_type=product&#038;p=594"},"modified":"2025-11-12T11:10:55","modified_gmt":"2025-11-12T10:10:55","slug":"la-grange-e-book","status":"publish","type":"product","link":"https:\/\/laurentmoriceau.com\/?product=la-grange-e-book","title":{"rendered":"LA GRANGE &#8211; E-Book (PDF)"},"content":{"rendered":"<p>R\u00e9sum\u00e9 :<\/p>\n<p>Mais que s\u2019est-il pass\u00e9 dans la grange que Tim vient d\u2019acqu\u00e9rir dans le sud de la Touraine\u00a0? D\u00e8s les premiers coups de pioche, un squelette est d\u00e9couvert. Puis, d\u2019autres morts et agressions tout aussi \u00e9tranges, se succ\u00e8dent, \u00e0 proximit\u00e9. La jeune et indisciplin\u00e9e lieutenant Jane Maury, pour la premi\u00e8re mission de sa carri\u00e8re, se voit confier cette d\u00e9licate enqu\u00eate.<\/p>\n<p>Elle d\u00e9couvre que la gen\u00e8se de ces crimes prend sa source dans cette grange \u2026 en f\u00e9vier 1943.<\/p>\n<p>L\u2019auteur va vous entra\u00eener au c\u0153ur de la r\u00e9sistance sud tourangelle, mais \u00e9galement en Bretagne, \u00e0 la rencontre des maquisards du r\u00e9seau Shelburn, qui tent\u00e8rent d\u2019exfiltrer Garry, un aviateur Am\u00e9ricain tomb\u00e9 sur le sol Fran\u00e7ais.<\/p>\n<p>Quel lien relie ces deux histoires\u00a0? Quelle corr\u00e9lation entre ces deux \u00e9poques\u00a0?<\/p>\n<p>\u2026 Jusqu\u2019o\u00f9 la folie humaine peut-elle aller\u00a0?<\/p>\n<p>&nbsp;<\/p>\n<p>&nbsp;<\/p>\n","protected":false},"excerpt":{"rendered":"<p>Roman Historique \u00ab\u00a0La Grange\u00a0\u00bb de Laurent MORICEAU &#8211; Version E-book (PDF)<\/p>\n","protected":false},"featured_media":705,"comment_status":"open","ping_status":"closed","template":"","meta":{"om_disable_all_campaigns":false,"_monsterinsights_skip_tracking":false,"_monsterinsights_sitenote_active":false,"_monsterinsights_sitenote_note":"","_monsterinsights_sitenote_category":0,"spay_email":""},"product_brand":[],"product_cat":[22],"product_tag":[],"class_list":{"0":"post-594","1":"product","2":"type-product","3":"status-publish","4":"has-post-thumbnail","6":"product_cat-roman","8":"first","9":"instock","10":"downloadable","11":"virtual","12":"purchasable","13":"product-type-simple"},"_links":{"self":[{"href":"https:\/\/laurentmoriceau.com\/index.php?rest_route=\/wp\/v2\/product\/594","targetHints":{"allow":["GET"]}}],"collection":[{"href":"https:\/\/laurentmoriceau.com\/index.php?rest_route=\/wp\/v2\/product"}],"about":[{"href":"https:\/\/laurentmoriceau.com\/index.php?rest_route=\/wp\/v2\/types\/product"}],"replies":[{"embeddable":true,"href":"https:\/\/laurentmoriceau.com\/index.php?rest_route=%2Fwp%2Fv2%2Fcomments&post=594"}],"wp:featuredmedia":[{"embeddable":true,"href":"https:\/\/laurentmoriceau.com\/index.php?rest_route=\/wp\/v2\/media\/705"}],"wp:attachment":[{"href":"https:\/\/laurentmoriceau.com\/index.php?rest_route=%2Fwp%2Fv2%2Fmedia&parent=594"}],"wp:term":[{"taxonomy":"product_brand","embeddable":true,"href":"https:\/\/laurentmoriceau.com\/index.php?rest_route=%2Fwp%2Fv2%2Fproduct_brand&post=594"},{"taxonomy":"product_cat","embeddable":true,"href":"https:\/\/laurentmoriceau.com\/index.php?rest_route=%2Fwp%2Fv2%2Fproduct_cat&post=594"},{"taxonomy":"product_tag","embeddable":true,"href":"https:\/\/laurentmoriceau.com\/index.php?rest_route=%2Fwp%2Fv2%2Fproduct_tag&post=594"}],"curies":[{"name":"wp","href":"https:\/\/api.w.org\/{rel}","templated":true}]}}