{"id":597,"date":"2025-03-10T19:45:55","date_gmt":"2025-03-10T18:45:55","guid":{"rendered":"https:\/\/laurentmoriceau.com\/?post_type=product&#038;p=597"},"modified":"2025-11-12T18:16:19","modified_gmt":"2025-11-12T17:16:19","slug":"schlomo-e-book-pdf","status":"publish","type":"product","link":"https:\/\/laurentmoriceau.com\/?product=schlomo-e-book-pdf","title":{"rendered":"SCHLOMO &#8211; E-Book (PDF)"},"content":{"rendered":"<p><strong><u>R\u00c9SUM\u00c9<\/u><\/strong>\u00a0:<\/p>\n<p>Sobibor\u00a0: 12\u00a0mai\u00a01942. Schlomo est d\u00e9barqu\u00e9 manu militari, avec 2\u00a0000 de ses compatriotes juifs, du wagon \u00e0 bestiaux dans lequel ils sont entass\u00e9s, lui et sa famille, depuis des jours.<\/p>\n<p>Sao Paulo\u00a0: 1978. Gunter Mendel commence \u00e0 vivre un enfer\u00a0: enl\u00e8vement de ses filles, \u00e9gorgement de son chien avec, chaque fois, des inscriptions manuscrites incompr\u00e9hensibles sur les murs\u00a0; des meurtres et des agressions se multiplient autour de lui.<\/p>\n<p>L\u2019int\u00e8gre capitaine Julia Mota et son adjoint Ventura sont charg\u00e9s de cette d\u00e9licate enqu\u00eate br\u00e9silienne. Ils vont finalement d\u00e9couvrir l\u2019effrayante corr\u00e9lation entre ces 2 \u00e9poques.<\/p>\n<p>&nbsp;<\/p>\n<p>\u00c0 l\u2019instar de son premier roman <em>La Grange<\/em>, l\u2019auteur nous livre l\u2019histoire vraie d\u2019un chaos historique ignor\u00e9. Il nous entra\u00eene dans les entrailles oppressantes du camp de Sobibor et dans une enqu\u00eate br\u00e9silienne, certes romanc\u00e9e par manque d\u2019informations retrouv\u00e9es, mais avec un final aussi ahurissant qu\u2019impr\u00e9vu, qui va nous faire r\u00e9fl\u00e9chir\u00a0: l\u2019important est de ne jamais d\u00e9sesp\u00e9rer.<\/p>\n","protected":false},"excerpt":{"rendered":"<p>SCHLOMO &#8211; Roman Historique de Laurent MORICEAU &#8211; Version E-book (PDF)<\/p>\n","protected":false},"featured_media":776,"comment_status":"open","ping_status":"closed","template":"","meta":{"om_disable_all_campaigns":false,"_monsterinsights_skip_tracking":false,"_monsterinsights_sitenote_active":false,"_monsterinsights_sitenote_note":"","_monsterinsights_sitenote_category":0,"spay_email":""},"product_brand":[],"product_cat":[22],"product_tag":[],"class_list":{"0":"post-597","1":"product","2":"type-product","3":"status-publish","4":"has-post-thumbnail","6":"product_cat-roman","8":"first","9":"instock","10":"downloadable","11":"virtual","12":"purchasable","13":"product-type-simple"},"_links":{"self":[{"href":"https:\/\/laurentmoriceau.com\/index.php?rest_route=\/wp\/v2\/product\/597","targetHints":{"allow":["GET"]}}],"collection":[{"href":"https:\/\/laurentmoriceau.com\/index.php?rest_route=\/wp\/v2\/product"}],"about":[{"href":"https:\/\/laurentmoriceau.com\/index.php?rest_route=\/wp\/v2\/types\/product"}],"replies":[{"embeddable":true,"href":"https:\/\/laurentmoriceau.com\/index.php?rest_route=%2Fwp%2Fv2%2Fcomments&post=597"}],"wp:featuredmedia":[{"embeddable":true,"href":"https:\/\/laurentmoriceau.com\/index.php?rest_route=\/wp\/v2\/media\/776"}],"wp:attachment":[{"href":"https:\/\/laurentmoriceau.com\/index.php?rest_route=%2Fwp%2Fv2%2Fmedia&parent=597"}],"wp:term":[{"taxonomy":"product_brand","embeddable":true,"href":"https:\/\/laurentmoriceau.com\/index.php?rest_route=%2Fwp%2Fv2%2Fproduct_brand&post=597"},{"taxonomy":"product_cat","embeddable":true,"href":"https:\/\/laurentmoriceau.com\/index.php?rest_route=%2Fwp%2Fv2%2Fproduct_cat&post=597"},{"taxonomy":"product_tag","embeddable":true,"href":"https:\/\/laurentmoriceau.com\/index.php?rest_route=%2Fwp%2Fv2%2Fproduct_tag&post=597"}],"curies":[{"name":"wp","href":"https:\/\/api.w.org\/{rel}","templated":true}]}}