{"id":602,"date":"2025-03-10T20:02:18","date_gmt":"2025-03-10T19:02:18","guid":{"rendered":"https:\/\/laurentmoriceau.com\/?post_type=product&#038;p=602"},"modified":"2025-11-12T11:25:42","modified_gmt":"2025-11-12T10:25:42","slug":"au-nom-du-fils-version-e-book-pdf","status":"publish","type":"product","link":"https:\/\/laurentmoriceau.com\/?product=au-nom-du-fils-version-e-book-pdf","title":{"rendered":"AU NOM DU FILS &#8211; E-Book (PDF)"},"content":{"rendered":"<p><strong>Dans le Chicago des ann\u00e9es 2000, un nourrisson dispara\u00eet du domicile de Mia Benett, jeune chanteuse marginale. Cette enqu\u00eate va bouleverser Nick Rouvers. Flic d\u00e9termin\u00e9, il se lance, sans crainte du danger, dans une course-poursuite aussi folle qu\u2019inattendue. D\u00e9troit &#8211; d\u00e9cembre 2023 : Adam Robertson, flic cinquantenaire et suicidaire, se tient au bord du gouffre lorsqu\u2019un appel lui annonce que sa fille a disparu. Il ignore que l\u2019ombre de Chicago, 25 ans plus t\u00f4t, avait tiss\u00e9 sa toile sur son destin. Chaque indice s\u2019av\u00e8re un \u00e9cho du pass\u00e9, hant\u00e9 par un myst\u00e8re aussi troublant&#8230; que dangereux.<\/strong><\/p>\n<p><strong>Nick et Adam ne sont pas au bout de leurs nuits &#8230; <\/strong><\/p>\n<p><strong>\u00a0\u00a0\u00a0\u00a0\u00a0\u00a0\u00a0\u00a0\u00a0\u00a0\u00a0\u00a0\u00a0\u00a0\u00a0\u00a0\u00a0\u00a0\u00a0\u00a0\u00a0\u00a0\u00a0\u00a0\u00a0\u00a0\u00a0\u00a0\u00a0\u00a0\u00a0\u00a0\u00a0\u00a0\u00a0\u00a0\u00a0\u00a0\u00a0\u00a0 \u00a0\u00a0\u00a0\u00a0\u00a0\u00a0\u00a0\u00a0\u00a0\u00a0\u00a0\u00a0\u00a0&#8230; et vous non plus ! <\/strong><\/p>\n","protected":false},"excerpt":{"rendered":"<p>Au Nom du Fils &#8211; Laurent MORICEAU &#8211; Version E-book (PDF)<\/p>\n","protected":false},"featured_media":708,"comment_status":"open","ping_status":"closed","template":"","meta":{"om_disable_all_campaigns":false,"_monsterinsights_skip_tracking":false,"_monsterinsights_sitenote_active":false,"_monsterinsights_sitenote_note":"","_monsterinsights_sitenote_category":0,"spay_email":""},"product_brand":[],"product_cat":[22],"product_tag":[],"class_list":{"0":"post-602","1":"product","2":"type-product","3":"status-publish","4":"has-post-thumbnail","6":"product_cat-roman","8":"first","9":"instock","10":"downloadable","11":"virtual","12":"purchasable","13":"product-type-simple"},"_links":{"self":[{"href":"https:\/\/laurentmoriceau.com\/index.php?rest_route=\/wp\/v2\/product\/602","targetHints":{"allow":["GET"]}}],"collection":[{"href":"https:\/\/laurentmoriceau.com\/index.php?rest_route=\/wp\/v2\/product"}],"about":[{"href":"https:\/\/laurentmoriceau.com\/index.php?rest_route=\/wp\/v2\/types\/product"}],"replies":[{"embeddable":true,"href":"https:\/\/laurentmoriceau.com\/index.php?rest_route=%2Fwp%2Fv2%2Fcomments&post=602"}],"wp:featuredmedia":[{"embeddable":true,"href":"https:\/\/laurentmoriceau.com\/index.php?rest_route=\/wp\/v2\/media\/708"}],"wp:attachment":[{"href":"https:\/\/laurentmoriceau.com\/index.php?rest_route=%2Fwp%2Fv2%2Fmedia&parent=602"}],"wp:term":[{"taxonomy":"product_brand","embeddable":true,"href":"https:\/\/laurentmoriceau.com\/index.php?rest_route=%2Fwp%2Fv2%2Fproduct_brand&post=602"},{"taxonomy":"product_cat","embeddable":true,"href":"https:\/\/laurentmoriceau.com\/index.php?rest_route=%2Fwp%2Fv2%2Fproduct_cat&post=602"},{"taxonomy":"product_tag","embeddable":true,"href":"https:\/\/laurentmoriceau.com\/index.php?rest_route=%2Fwp%2Fv2%2Fproduct_tag&post=602"}],"curies":[{"name":"wp","href":"https:\/\/api.w.org\/{rel}","templated":true}]}}